{"id":7526,"date":"2022-11-23T13:49:52","date_gmt":"2022-11-23T12:49:52","guid":{"rendered":"https:\/\/www.encopim.com\/about-us\/"},"modified":"2025-03-05T10:33:33","modified_gmt":"2025-03-05T09:33:33","slug":"about-us","status":"publish","type":"page","link":"https:\/\/www.encopim.com\/es\/about-us\/","title":{"rendered":"About us"},"content":{"rendered":"<section class=\"wpb-content-wrapper\">[vc_row full_width=\u00bbstretch_row_content\u00bb video_bg=\u00bbself_hosted\u00bb video_bg_center=\u00bbtrue\u00bb typography_style=\u00bbwhite\u00bb css=\u00bb.vc_custom_1669370688773{background-image: url(https:\/\/www.encopim.com\/wp-content\/uploads\/2022\/11\/0bkg.jpg?id=7550) !important;background-position: center !important;background-repeat: no-repeat !important;background-size: cover !important;}\u00bb min_height=\u00bb600&#8243;][vc_column][vc_empty_space height=\u00bb180px\u00bb css=\u00bb.vc_custom_1669371055884{background-image: url(https:\/\/www.encopim.com\/wp-content\/uploads\/2022\/11\/Montserrat-short2.mp4?id=7354) !important;}\u00bb][vc_column_text]\n<h1><\/h1>\n<h1><\/h1>\n<h1><\/h1>\n<h1><\/h1>\n<h1 style=\"text-align: center;\"><span style=\"color: #ffffff;\"><span style=\"font-size: 36px;\"><em>\u00abTODO LO QUE HACEMOS SE BASA EN LA CONFIANZA, <\/em><\/span><\/span><\/h1>\n<h1 style=\"text-align: center;\"><span style=\"color: #ffffff;\"><span style=\"font-size: 36px;\"><em>HONESTIDAD E INTEGRIDAD<\/em><\/span><em style=\"font-size: 36px;\">.\u00bb<\/em><\/span><\/h1>\n<h1 style=\"text-align: center;\"><span style=\"font-size: 21px; color: #ffffff;\">(Director General de ENCOPIM &#8211; SR. PERFECTE SANCHIS)<\/span><\/h1>\n[\/vc_column_text][\/vc_column][\/vc_row][vc_row full_width=\u00bbstretch_row\u00bb css=\u00bb.vc_custom_1634896539423{background-color: #006a7a !important;}\u00bb][vc_column][vc_column_text css=\u00bb.vc_custom_1669816069946{margin-top: 40px !important;}\u00bb]<span style=\"font-size: 18px; color: #ffffff;\">Nuestro c\u00f3digo de conducta nos gu\u00eda y asegura que nuestras acciones son correctas. No importa cual es nuestro trabajo en la empresa ni desde que parte del mundo estamos trabajando.<\/span><\/p>\n<p><span style=\"font-size: 18px; color: #ffffff;\">Nuestra acci\u00f3n persigue un \u00fanico objetivo: hacer lo mejor para nuestros clientes. Valorar sus aportaciones y trabajar cada d\u00eda para ganarnos su fidelidad es lo que nos impulsa a la b\u00fasqueda de nuevas soluciones, mejores y m\u00e1s innovadoras.<\/span><\/p>\n<p><span style=\"color: #ffffff;\"><span style=\"font-size: 18px;\">Los pilares que forman la base fundamental de nuestro negocio son: la innovaci\u00f3n, la personalizaci\u00f3n, el soporte, la experiencia y la sostenibilidad. Nuestros clientes conf\u00edan en nuestro conocimiento sobre bancos de ensayo seguros y fiables<\/span><span style=\"font-size: 18px;\">.<\/span><\/span>[\/vc_column_text][\/vc_column][\/vc_row][vc_row full_width=\u00bbstretch_row\u00bb css=\u00bb.vc_custom_1669209869447{background-color: #cccccc !important;}\u00bb][vc_column][vc_column_text]\n<h3 style=\"text-align: center;\"><span style=\"color: #006a7a; font-size: 24px;\"><strong>NUESTRA CULTURA<\/strong><\/span><\/h3>\n[\/vc_column_text][\/vc_column][\/vc_row][vc_row][vc_column][vc_column_text]<span style=\"font-size: 18px;\">En ENCOPIM creemos que nuestra labor como empresa va m\u00e1s all\u00e1 de cumplir con las leyes y est\u00e1ndares aplicables, es una cuesti\u00f3n de cultura. Para reflejar c\u00f3mo esta forma de hacer impacta en \u00e1reas como la sostentabilidad ambiental, la responsabilidad social y la gobernanza \u00e9tica, elaboramos un informe de Responsabilidad Social Corporativa (RSC) que se actualiza anualmente y que se puede consultar <a href=\"https:\/\/www.encopim.com\/wp-content\/uploads\/2025\/02\/CSR-Report-ENCOPIM-2025.pdf\">aqu\u00ed<\/a>.<\/span>[\/vc_column_text][\/vc_column][\/vc_row][vc_row][vc_column][vc_single_image image=\u00bb7362&#8243; css=\u00bb.vc_custom_1669210829736{margin-right: 0px !important;margin-left: 0px !important;}\u00bb][\/vc_column][\/vc_row][vc_row full_width=\u00bbstretch_row_content\u00bb css=\u00bb.vc_custom_1741167138313{background-color: #cccccc !important;}\u00bb][vc_column][vc_column_text css=\u00bb.vc_custom_1741166856664{background-color: #cccccc !important;}\u00bb]\n<h3 style=\"text-align: center;\"><span style=\"color: #006a7a; font-size: 24px;\"><strong>NOS IMPORTA LA SEGURIDAD DE LA INFORMACI\u00d3N<\/strong><\/span><\/h3>\n[\/vc_column_text][\/vc_column][\/vc_row][vc_row][vc_column][vc_column_text]<span style=\"font-size: 18px;\">Para ENCOPIM, la confidencialidad, la disponibilidad y la integridad de la informaci\u00f3n tienen un gran valor. Hemos tomado medidas para proteger la informaci\u00f3n sensible y confidencial. Por ello, seguimos el cat\u00e1logo de preguntas sobre seguridad de la informaci\u00f3n de la Asociaci\u00f3n Alemana de la Industria Automotriz (VDA ISA). La evaluaci\u00f3n fue realizada por una auditor\u00eda externa, en este caso el proveedor de auditor\u00eda TISAX, Bureau Veritas. El resultado se puede consultar exclusivamente a trav\u00e9s del portal ENX: <a href=\"https:\/\/portal.enx.com\/en-US\/TISAX\/tisaxassessmentresults\">https:\/\/portal.enx.com\/en-US\/TISAX\/tisaxassessmentresults<\/a>.<\/span>[\/vc_column_text][\/vc_column][\/vc_row][vc_row][vc_column][vc_single_image image=\u00bb9768&#8243; img_size=\u00bbmedium\u00bb alignment=\u00bbcenter\u00bb][\/vc_column][\/vc_row]\n<\/section>","protected":false},"excerpt":{"rendered":"<p>[vc_row full_width=\u00bbstretch_row_content\u00bb video_bg=\u00bbself_hosted\u00bb video_bg_center=\u00bbtrue\u00bb typography_style=\u00bbwhite\u00bb css=\u00bb.vc_custom_1669370688773{background-image: url(https:\/\/www.encopim.com\/wp-content\/uploads\/2022\/11\/0bkg.jpg?id=7550) !important;background-position: center !important;background-repeat: no-repeat !important;background-size: cover !important;}\u00bb min_height=\u00bb600&#8243;][vc_column][vc_empty_space height=\u00bb180px\u00bb css=\u00bb.vc_custom_1669371055884{background-image: url(https:\/\/www.encopim.com\/wp-content\/uploads\/2022\/11\/Montserrat-short2.mp4?id=7354) !important;}\u00bb][vc_column_text] \u00abTODO LO QUE HACEMOS SE BASA EN LA CONFIANZA, HONESTIDAD E INTEGRIDAD.\u00bb (Director General de ENCOPIM &#8211; SR. PERFECTE SANCHIS) [\/vc_column_text][\/vc_column][\/vc_row][vc_row full_width=\u00bbstretch_row\u00bb css=\u00bb.vc_custom_1634896539423{background-color: #006a7a !important;}\u00bb][vc_column][vc_column_text css=\u00bb.vc_custom_1669816069946{margin-top: 40px !important;}\u00bb]Nuestro c\u00f3digo de conducta nos gu\u00eda y asegura que&hellip;<\/p>\n","protected":false},"author":1,"featured_media":0,"parent":7529,"menu_order":0,"comment_status":"closed","ping_status":"closed","template":"","meta":{"om_disable_all_campaigns":false,"_monsterinsights_skip_tracking":false,"_monsterinsights_sitenote_active":false,"_monsterinsights_sitenote_note":"","_monsterinsights_sitenote_category":0},"yoast_head":"<!-- This site is optimized with the Yoast SEO plugin v20.9 - https:\/\/yoast.com\/wordpress\/plugins\/seo\/ -->\n<title>About us - Encopim<\/title>\n<meta name=\"robots\" content=\"index, follow, max-snippet:-1, max-image-preview:large, max-video-preview:-1\" \/>\n<link rel=\"canonical\" href=\"https:\/\/www.encopim.com\/es\/about-us\/\" \/>\n<meta property=\"og:locale\" content=\"es_ES\" \/>\n<meta property=\"og:type\" content=\"article\" \/>\n<meta property=\"og:title\" content=\"About us - Encopim\" \/>\n<meta property=\"og:description\" content=\"[vc_row full_width=\u00bbstretch_row_content\u00bb video_bg=\u00bbself_hosted\u00bb video_bg_center=\u00bbtrue\u00bb typography_style=\u00bbwhite\u00bb css=\u00bb.vc_custom_1669370688773{background-image: url(https:\/\/www.encopim.com\/wp-content\/uploads\/2022\/11\/0bkg.jpg?id=7550) !important;background-position: center !important;background-repeat: no-repeat !important;background-size: cover !important;}\u00bb min_height=\u00bb600&#8243;][vc_column][vc_empty_space height=\u00bb180px\u00bb css=\u00bb.vc_custom_1669371055884{background-image: url(https:\/\/www.encopim.com\/wp-content\/uploads\/2022\/11\/Montserrat-short2.mp4?id=7354) !important;}\u00bb][vc_column_text] \u00abTODO LO QUE HACEMOS SE BASA EN LA CONFIANZA, HONESTIDAD E INTEGRIDAD.\u00bb (Director General de ENCOPIM &#8211; SR. PERFECTE SANCHIS) [\/vc_column_text][\/vc_column][\/vc_row][vc_row full_width=\u00bbstretch_row\u00bb css=\u00bb.vc_custom_1634896539423{background-color: #006a7a !important;}\u00bb][vc_column][vc_column_text css=\u00bb.vc_custom_1669816069946{margin-top: 40px !important;}\u00bb]Nuestro c\u00f3digo de conducta nos gu\u00eda y asegura que&hellip;\" \/>\n<meta property=\"og:url\" content=\"https:\/\/www.encopim.com\/es\/about-us\/\" \/>\n<meta property=\"og:site_name\" content=\"Encopim\" \/>\n<meta property=\"article:modified_time\" content=\"2025-03-05T09:33:33+00:00\" \/>\n<meta name=\"twitter:card\" content=\"summary_large_image\" \/>\n<meta name=\"twitter:label1\" content=\"Tiempo de lectura\" \/>\n\t<meta name=\"twitter:data1\" content=\"2 minutos\" \/>\n<script type=\"application\/ld+json\" class=\"yoast-schema-graph\">{\"@context\":\"https:\/\/schema.org\",\"@graph\":[{\"@type\":\"WebPage\",\"@id\":\"https:\/\/www.encopim.com\/es\/about-us\/\",\"url\":\"https:\/\/www.encopim.com\/es\/about-us\/\",\"name\":\"About us - Encopim\",\"isPartOf\":{\"@id\":\"https:\/\/www.encopim.com\/es\/#website\"},\"datePublished\":\"2022-11-23T12:49:52+00:00\",\"dateModified\":\"2025-03-05T09:33:33+00:00\",\"breadcrumb\":{\"@id\":\"https:\/\/www.encopim.com\/es\/about-us\/#breadcrumb\"},\"inLanguage\":\"es\",\"potentialAction\":[{\"@type\":\"ReadAction\",\"target\":[\"https:\/\/www.encopim.com\/es\/about-us\/\"]}]},{\"@type\":\"BreadcrumbList\",\"@id\":\"https:\/\/www.encopim.com\/es\/about-us\/#breadcrumb\",\"itemListElement\":[{\"@type\":\"ListItem\",\"position\":1,\"name\":\"Home\",\"item\":\"https:\/\/www.encopim.com\/es\/\"},{\"@type\":\"ListItem\",\"position\":2,\"name\":\"SAFETY\",\"item\":\"https:\/\/www.encopim.com\/es\/safety\/\"},{\"@type\":\"ListItem\",\"position\":3,\"name\":\"COMPANY\",\"item\":\"https:\/\/www.encopim.com\/es\/company\/\"},{\"@type\":\"ListItem\",\"position\":4,\"name\":\"About us\"}]},{\"@type\":\"WebSite\",\"@id\":\"https:\/\/www.encopim.com\/es\/#website\",\"url\":\"https:\/\/www.encopim.com\/es\/\",\"name\":\"Encopim\",\"description\":\"\",\"publisher\":{\"@id\":\"https:\/\/www.encopim.com\/es\/#organization\"},\"potentialAction\":[{\"@type\":\"SearchAction\",\"target\":{\"@type\":\"EntryPoint\",\"urlTemplate\":\"https:\/\/www.encopim.com\/es\/?s={search_term_string}\"},\"query-input\":\"required name=search_term_string\"}],\"inLanguage\":\"es\"},{\"@type\":\"Organization\",\"@id\":\"https:\/\/www.encopim.com\/es\/#organization\",\"name\":\"Encopim\",\"url\":\"https:\/\/www.encopim.com\/es\/\",\"logo\":{\"@type\":\"ImageObject\",\"inLanguage\":\"es\",\"@id\":\"https:\/\/www.encopim.com\/es\/#\/schema\/logo\/image\/\",\"url\":\"https:\/\/www.encopim.com\/wp-content\/uploads\/2021\/08\/Encopim_logo.png\",\"contentUrl\":\"https:\/\/www.encopim.com\/wp-content\/uploads\/2021\/08\/Encopim_logo.png\",\"width\":1200,\"height\":343,\"caption\":\"Encopim\"},\"image\":{\"@id\":\"https:\/\/www.encopim.com\/es\/#\/schema\/logo\/image\/\"}}]}<\/script>\n<!-- \/ Yoast SEO plugin. -->","yoast_head_json":{"title":"About us - Encopim","robots":{"index":"index","follow":"follow","max-snippet":"max-snippet:-1","max-image-preview":"max-image-preview:large","max-video-preview":"max-video-preview:-1"},"canonical":"https:\/\/www.encopim.com\/es\/about-us\/","og_locale":"es_ES","og_type":"article","og_title":"About us - Encopim","og_description":"[vc_row full_width=\u00bbstretch_row_content\u00bb video_bg=\u00bbself_hosted\u00bb video_bg_center=\u00bbtrue\u00bb typography_style=\u00bbwhite\u00bb css=\u00bb.vc_custom_1669370688773{background-image: url(https:\/\/www.encopim.com\/wp-content\/uploads\/2022\/11\/0bkg.jpg?id=7550) !important;background-position: center !important;background-repeat: no-repeat !important;background-size: cover !important;}\u00bb min_height=\u00bb600&#8243;][vc_column][vc_empty_space height=\u00bb180px\u00bb css=\u00bb.vc_custom_1669371055884{background-image: url(https:\/\/www.encopim.com\/wp-content\/uploads\/2022\/11\/Montserrat-short2.mp4?id=7354) !important;}\u00bb][vc_column_text] \u00abTODO LO QUE HACEMOS SE BASA EN LA CONFIANZA, HONESTIDAD E INTEGRIDAD.\u00bb (Director General de ENCOPIM &#8211; SR. PERFECTE SANCHIS) [\/vc_column_text][\/vc_column][\/vc_row][vc_row full_width=\u00bbstretch_row\u00bb css=\u00bb.vc_custom_1634896539423{background-color: #006a7a !important;}\u00bb][vc_column][vc_column_text css=\u00bb.vc_custom_1669816069946{margin-top: 40px !important;}\u00bb]Nuestro c\u00f3digo de conducta nos gu\u00eda y asegura que&hellip;","og_url":"https:\/\/www.encopim.com\/es\/about-us\/","og_site_name":"Encopim","article_modified_time":"2025-03-05T09:33:33+00:00","twitter_card":"summary_large_image","twitter_misc":{"Tiempo de lectura":"2 minutos"},"schema":{"@context":"https:\/\/schema.org","@graph":[{"@type":"WebPage","@id":"https:\/\/www.encopim.com\/es\/about-us\/","url":"https:\/\/www.encopim.com\/es\/about-us\/","name":"About us - Encopim","isPartOf":{"@id":"https:\/\/www.encopim.com\/es\/#website"},"datePublished":"2022-11-23T12:49:52+00:00","dateModified":"2025-03-05T09:33:33+00:00","breadcrumb":{"@id":"https:\/\/www.encopim.com\/es\/about-us\/#breadcrumb"},"inLanguage":"es","potentialAction":[{"@type":"ReadAction","target":["https:\/\/www.encopim.com\/es\/about-us\/"]}]},{"@type":"BreadcrumbList","@id":"https:\/\/www.encopim.com\/es\/about-us\/#breadcrumb","itemListElement":[{"@type":"ListItem","position":1,"name":"Home","item":"https:\/\/www.encopim.com\/es\/"},{"@type":"ListItem","position":2,"name":"SAFETY","item":"https:\/\/www.encopim.com\/es\/safety\/"},{"@type":"ListItem","position":3,"name":"COMPANY","item":"https:\/\/www.encopim.com\/es\/company\/"},{"@type":"ListItem","position":4,"name":"About us"}]},{"@type":"WebSite","@id":"https:\/\/www.encopim.com\/es\/#website","url":"https:\/\/www.encopim.com\/es\/","name":"Encopim","description":"","publisher":{"@id":"https:\/\/www.encopim.com\/es\/#organization"},"potentialAction":[{"@type":"SearchAction","target":{"@type":"EntryPoint","urlTemplate":"https:\/\/www.encopim.com\/es\/?s={search_term_string}"},"query-input":"required name=search_term_string"}],"inLanguage":"es"},{"@type":"Organization","@id":"https:\/\/www.encopim.com\/es\/#organization","name":"Encopim","url":"https:\/\/www.encopim.com\/es\/","logo":{"@type":"ImageObject","inLanguage":"es","@id":"https:\/\/www.encopim.com\/es\/#\/schema\/logo\/image\/","url":"https:\/\/www.encopim.com\/wp-content\/uploads\/2021\/08\/Encopim_logo.png","contentUrl":"https:\/\/www.encopim.com\/wp-content\/uploads\/2021\/08\/Encopim_logo.png","width":1200,"height":343,"caption":"Encopim"},"image":{"@id":"https:\/\/www.encopim.com\/es\/#\/schema\/logo\/image\/"}}]}},"_links":{"self":[{"href":"https:\/\/www.encopim.com\/es\/wp-json\/wp\/v2\/pages\/7526"}],"collection":[{"href":"https:\/\/www.encopim.com\/es\/wp-json\/wp\/v2\/pages"}],"about":[{"href":"https:\/\/www.encopim.com\/es\/wp-json\/wp\/v2\/types\/page"}],"author":[{"embeddable":true,"href":"https:\/\/www.encopim.com\/es\/wp-json\/wp\/v2\/users\/1"}],"replies":[{"embeddable":true,"href":"https:\/\/www.encopim.com\/es\/wp-json\/wp\/v2\/comments?post=7526"}],"version-history":[{"count":24,"href":"https:\/\/www.encopim.com\/es\/wp-json\/wp\/v2\/pages\/7526\/revisions"}],"predecessor-version":[{"id":9790,"href":"https:\/\/www.encopim.com\/es\/wp-json\/wp\/v2\/pages\/7526\/revisions\/9790"}],"up":[{"embeddable":true,"href":"https:\/\/www.encopim.com\/es\/wp-json\/wp\/v2\/pages\/7529"}],"wp:attachment":[{"href":"https:\/\/www.encopim.com\/es\/wp-json\/wp\/v2\/media?parent=7526"}],"curies":[{"name":"wp","href":"https:\/\/api.w.org\/{rel}","templated":true}]}}