{"id":2214,"date":"2016-02-04T10:59:09","date_gmt":"2016-02-04T09:59:09","guid":{"rendered":"http:\/\/www.encopim.com\/es\/?page_id=2214"},"modified":"2024-07-08T12:46:52","modified_gmt":"2024-07-08T11:46:52","slug":"careers","status":"publish","type":"page","link":"https:\/\/www.encopim.com\/es\/careers\/","title":{"rendered":"Empleo"},"content":{"rendered":"<section class=\"wpb-content-wrapper\">[vc_row full_width=\u00bbstretch_row_content\u00bb css=\u00bb.vc_custom_1662714954089{background-image: url(https:\/\/www.encopim.com\/wp-content\/uploads\/2022\/09\/mosaic-careers6-scaled.jpg?id=6225) !important;background-position: center !important;background-repeat: no-repeat !important;background-size: cover !important;}\u00bb min_height=\u00bb600&#8243;][vc_column][vc_empty_space height=\u00bb50px\u00bb][\/vc_column][\/vc_row][vc_row full_width=\u00bbstretch_row\u00bb css=\u00bb.vc_custom_1634896539423{background-color: #006a7a !important;}\u00bb][vc_column][vc_column_text]\n<h3 style=\"text-align: center;\"><span style=\"font-size: 24pt; color: #ffffff;\"><strong>Trabajar en ENCOPIM<\/strong><\/span><\/h3>\n[\/vc_column_text][vc_separator color=\u00bbcustom\u00bb align=\u00bbalign_left\u00bb border_width=\u00bb5&#8243; el_width=\u00bb30&#8243; css_animation=\u00bbleft-to-right\u00bb accent_color=\u00bb#006a7a\u00bb][vc_column_text]\n<h2><\/h2>\n<p><span style=\"font-size: 18px; color: #ffffff;\">La innovaci\u00f3n y la personalizaci\u00f3n son nuestra filosof\u00eda. ENCOPIM cuenta con un equipo humano altamente cualificado, motivado por la innovaci\u00f3n y orientado a la resoluci\u00f3n de problemas. Nuestro equipo comparte experiencias entre s\u00ed y con nuestros clientes a trav\u00e9s de proyectos innovadores.<\/span><\/p>\n<p>&nbsp;<\/p>\n<h3 style=\"text-align: left;\"><span style=\"color: #ffffff;\">#teamwork\u00a0 \u00a0 \u00a0#expertise\u00a0 \u00a0 \u00a0#commitment\u00a0 \u00a0 \u00a0#continouslearning\u00a0 \u00a0 \u00a0#talent\u00a0 \u00a0 \u00a0#innovation<\/span><\/h3>\n[\/vc_column_text][\/vc_column][\/vc_row][vc_row full_width=\u00bbstretch_row\u00bb css=\u00bb.vc_custom_1647864813393{background-color: #cccccc !important;}\u00bb][vc_column][vc_column_text]\n<h3 style=\"text-align: justify;\"><span style=\"color: #006a7a;\"><strong><span style=\"font-size: 21px;\">\u00bfTe gustar\u00eda unirte a nuestro equipo?<\/span><\/strong><\/span><\/h3>\n<p style=\"text-align: justify;\"><span class=\"Y2IQFc\" lang=\"en\" style=\"font-size: 18px; color: #006a7a;\">Si deseas trabajar con nosotros, env\u00edanos un correo electr\u00f3nico a <a href=\"mailto:rrhh@encopim.com\">rrhh@encopim.com<\/a> con tu CV y una carta de motivaci\u00f3n.<\/span><\/p>\n<p>\u00a0[\/vc_column_text][\/vc_column][\/vc_row][vc_row][vc_column][\/vc_column][\/vc_row]\n<\/section>","protected":false},"excerpt":{"rendered":"<p>[vc_row full_width=\u00bbstretch_row_content\u00bb css=\u00bb.vc_custom_1662714954089{background-image: url(https:\/\/www.encopim.com\/wp-content\/uploads\/2022\/09\/mosaic-careers6-scaled.jpg?id=6225) !important;background-position: center !important;background-repeat: no-repeat !important;background-size: cover !important;}\u00bb min_height=\u00bb600&#8243;][vc_column][vc_empty_space height=\u00bb50px\u00bb][\/vc_column][\/vc_row][vc_row full_width=\u00bbstretch_row\u00bb css=\u00bb.vc_custom_1634896539423{background-color: #006a7a !important;}\u00bb][vc_column][vc_column_text] Trabajar en ENCOPIM [\/vc_column_text][vc_separator color=\u00bbcustom\u00bb align=\u00bbalign_left\u00bb border_width=\u00bb5&#8243; el_width=\u00bb30&#8243; css_animation=\u00bbleft-to-right\u00bb accent_color=\u00bb#006a7a\u00bb][vc_column_text] La innovaci\u00f3n y la personalizaci\u00f3n son nuestra filosof\u00eda. ENCOPIM cuenta con un equipo humano altamente cualificado, motivado por la innovaci\u00f3n y orientado a la resoluci\u00f3n de problemas. Nuestro&hellip;<\/p>\n","protected":false},"author":1,"featured_media":0,"parent":7529,"menu_order":0,"comment_status":"closed","ping_status":"closed","template":"","meta":{"om_disable_all_campaigns":false,"_monsterinsights_skip_tracking":false,"_monsterinsights_sitenote_active":false,"_monsterinsights_sitenote_note":"","_monsterinsights_sitenote_category":0},"yoast_head":"<!-- This site is optimized with the Yoast SEO plugin v20.9 - https:\/\/yoast.com\/wordpress\/plugins\/seo\/ -->\n<title>Empleo - Encopim<\/title>\n<meta name=\"robots\" content=\"index, follow, max-snippet:-1, max-image-preview:large, max-video-preview:-1\" \/>\n<link rel=\"canonical\" href=\"https:\/\/www.encopim.com\/es\/careers\/\" \/>\n<meta property=\"og:locale\" content=\"es_ES\" \/>\n<meta property=\"og:type\" content=\"article\" \/>\n<meta property=\"og:title\" content=\"Empleo - Encopim\" \/>\n<meta property=\"og:description\" content=\"[vc_row full_width=\u00bbstretch_row_content\u00bb css=\u00bb.vc_custom_1662714954089{background-image: url(https:\/\/www.encopim.com\/wp-content\/uploads\/2022\/09\/mosaic-careers6-scaled.jpg?id=6225) !important;background-position: center !important;background-repeat: no-repeat !important;background-size: cover !important;}\u00bb min_height=\u00bb600&#8243;][vc_column][vc_empty_space height=\u00bb50px\u00bb][\/vc_column][\/vc_row][vc_row full_width=\u00bbstretch_row\u00bb css=\u00bb.vc_custom_1634896539423{background-color: #006a7a !important;}\u00bb][vc_column][vc_column_text] Trabajar en ENCOPIM [\/vc_column_text][vc_separator color=\u00bbcustom\u00bb align=\u00bbalign_left\u00bb border_width=\u00bb5&#8243; el_width=\u00bb30&#8243; css_animation=\u00bbleft-to-right\u00bb accent_color=\u00bb#006a7a\u00bb][vc_column_text] La innovaci\u00f3n y la personalizaci\u00f3n son nuestra filosof\u00eda. ENCOPIM cuenta con un equipo humano altamente cualificado, motivado por la innovaci\u00f3n y orientado a la resoluci\u00f3n de problemas. Nuestro&hellip;\" \/>\n<meta property=\"og:url\" content=\"https:\/\/www.encopim.com\/es\/careers\/\" \/>\n<meta property=\"og:site_name\" content=\"Encopim\" \/>\n<meta property=\"article:modified_time\" content=\"2024-07-08T11:46:52+00:00\" \/>\n<meta name=\"twitter:card\" content=\"summary_large_image\" \/>\n<meta name=\"twitter:label1\" content=\"Tiempo de lectura\" \/>\n\t<meta name=\"twitter:data1\" content=\"1 minuto\" \/>\n<script type=\"application\/ld+json\" class=\"yoast-schema-graph\">{\"@context\":\"https:\/\/schema.org\",\"@graph\":[{\"@type\":\"WebPage\",\"@id\":\"https:\/\/www.encopim.com\/es\/careers\/\",\"url\":\"https:\/\/www.encopim.com\/es\/careers\/\",\"name\":\"Empleo - Encopim\",\"isPartOf\":{\"@id\":\"https:\/\/www.encopim.com\/es\/#website\"},\"datePublished\":\"2016-02-04T09:59:09+00:00\",\"dateModified\":\"2024-07-08T11:46:52+00:00\",\"breadcrumb\":{\"@id\":\"https:\/\/www.encopim.com\/es\/careers\/#breadcrumb\"},\"inLanguage\":\"es\",\"potentialAction\":[{\"@type\":\"ReadAction\",\"target\":[\"https:\/\/www.encopim.com\/es\/careers\/\"]}]},{\"@type\":\"BreadcrumbList\",\"@id\":\"https:\/\/www.encopim.com\/es\/careers\/#breadcrumb\",\"itemListElement\":[{\"@type\":\"ListItem\",\"position\":1,\"name\":\"Home\",\"item\":\"https:\/\/www.encopim.com\/es\/\"},{\"@type\":\"ListItem\",\"position\":2,\"name\":\"SAFETY\",\"item\":\"https:\/\/www.encopim.com\/es\/safety\/\"},{\"@type\":\"ListItem\",\"position\":3,\"name\":\"COMPANY\",\"item\":\"https:\/\/www.encopim.com\/es\/company\/\"},{\"@type\":\"ListItem\",\"position\":4,\"name\":\"Empleo\"}]},{\"@type\":\"WebSite\",\"@id\":\"https:\/\/www.encopim.com\/es\/#website\",\"url\":\"https:\/\/www.encopim.com\/es\/\",\"name\":\"Encopim\",\"description\":\"\",\"publisher\":{\"@id\":\"https:\/\/www.encopim.com\/es\/#organization\"},\"potentialAction\":[{\"@type\":\"SearchAction\",\"target\":{\"@type\":\"EntryPoint\",\"urlTemplate\":\"https:\/\/www.encopim.com\/es\/?s={search_term_string}\"},\"query-input\":\"required name=search_term_string\"}],\"inLanguage\":\"es\"},{\"@type\":\"Organization\",\"@id\":\"https:\/\/www.encopim.com\/es\/#organization\",\"name\":\"Encopim\",\"url\":\"https:\/\/www.encopim.com\/es\/\",\"logo\":{\"@type\":\"ImageObject\",\"inLanguage\":\"es\",\"@id\":\"https:\/\/www.encopim.com\/es\/#\/schema\/logo\/image\/\",\"url\":\"https:\/\/www.encopim.com\/wp-content\/uploads\/2021\/08\/Encopim_logo.png\",\"contentUrl\":\"https:\/\/www.encopim.com\/wp-content\/uploads\/2021\/08\/Encopim_logo.png\",\"width\":1200,\"height\":343,\"caption\":\"Encopim\"},\"image\":{\"@id\":\"https:\/\/www.encopim.com\/es\/#\/schema\/logo\/image\/\"}}]}<\/script>\n<!-- \/ Yoast SEO plugin. -->","yoast_head_json":{"title":"Empleo - Encopim","robots":{"index":"index","follow":"follow","max-snippet":"max-snippet:-1","max-image-preview":"max-image-preview:large","max-video-preview":"max-video-preview:-1"},"canonical":"https:\/\/www.encopim.com\/es\/careers\/","og_locale":"es_ES","og_type":"article","og_title":"Empleo - Encopim","og_description":"[vc_row full_width=\u00bbstretch_row_content\u00bb css=\u00bb.vc_custom_1662714954089{background-image: url(https:\/\/www.encopim.com\/wp-content\/uploads\/2022\/09\/mosaic-careers6-scaled.jpg?id=6225) !important;background-position: center !important;background-repeat: no-repeat !important;background-size: cover !important;}\u00bb min_height=\u00bb600&#8243;][vc_column][vc_empty_space height=\u00bb50px\u00bb][\/vc_column][\/vc_row][vc_row full_width=\u00bbstretch_row\u00bb css=\u00bb.vc_custom_1634896539423{background-color: #006a7a !important;}\u00bb][vc_column][vc_column_text] Trabajar en ENCOPIM [\/vc_column_text][vc_separator color=\u00bbcustom\u00bb align=\u00bbalign_left\u00bb border_width=\u00bb5&#8243; el_width=\u00bb30&#8243; css_animation=\u00bbleft-to-right\u00bb accent_color=\u00bb#006a7a\u00bb][vc_column_text] La innovaci\u00f3n y la personalizaci\u00f3n son nuestra filosof\u00eda. ENCOPIM cuenta con un equipo humano altamente cualificado, motivado por la innovaci\u00f3n y orientado a la resoluci\u00f3n de problemas. Nuestro&hellip;","og_url":"https:\/\/www.encopim.com\/es\/careers\/","og_site_name":"Encopim","article_modified_time":"2024-07-08T11:46:52+00:00","twitter_card":"summary_large_image","twitter_misc":{"Tiempo de lectura":"1 minuto"},"schema":{"@context":"https:\/\/schema.org","@graph":[{"@type":"WebPage","@id":"https:\/\/www.encopim.com\/es\/careers\/","url":"https:\/\/www.encopim.com\/es\/careers\/","name":"Empleo - Encopim","isPartOf":{"@id":"https:\/\/www.encopim.com\/es\/#website"},"datePublished":"2016-02-04T09:59:09+00:00","dateModified":"2024-07-08T11:46:52+00:00","breadcrumb":{"@id":"https:\/\/www.encopim.com\/es\/careers\/#breadcrumb"},"inLanguage":"es","potentialAction":[{"@type":"ReadAction","target":["https:\/\/www.encopim.com\/es\/careers\/"]}]},{"@type":"BreadcrumbList","@id":"https:\/\/www.encopim.com\/es\/careers\/#breadcrumb","itemListElement":[{"@type":"ListItem","position":1,"name":"Home","item":"https:\/\/www.encopim.com\/es\/"},{"@type":"ListItem","position":2,"name":"SAFETY","item":"https:\/\/www.encopim.com\/es\/safety\/"},{"@type":"ListItem","position":3,"name":"COMPANY","item":"https:\/\/www.encopim.com\/es\/company\/"},{"@type":"ListItem","position":4,"name":"Empleo"}]},{"@type":"WebSite","@id":"https:\/\/www.encopim.com\/es\/#website","url":"https:\/\/www.encopim.com\/es\/","name":"Encopim","description":"","publisher":{"@id":"https:\/\/www.encopim.com\/es\/#organization"},"potentialAction":[{"@type":"SearchAction","target":{"@type":"EntryPoint","urlTemplate":"https:\/\/www.encopim.com\/es\/?s={search_term_string}"},"query-input":"required name=search_term_string"}],"inLanguage":"es"},{"@type":"Organization","@id":"https:\/\/www.encopim.com\/es\/#organization","name":"Encopim","url":"https:\/\/www.encopim.com\/es\/","logo":{"@type":"ImageObject","inLanguage":"es","@id":"https:\/\/www.encopim.com\/es\/#\/schema\/logo\/image\/","url":"https:\/\/www.encopim.com\/wp-content\/uploads\/2021\/08\/Encopim_logo.png","contentUrl":"https:\/\/www.encopim.com\/wp-content\/uploads\/2021\/08\/Encopim_logo.png","width":1200,"height":343,"caption":"Encopim"},"image":{"@id":"https:\/\/www.encopim.com\/es\/#\/schema\/logo\/image\/"}}]}},"_links":{"self":[{"href":"https:\/\/www.encopim.com\/es\/wp-json\/wp\/v2\/pages\/2214"}],"collection":[{"href":"https:\/\/www.encopim.com\/es\/wp-json\/wp\/v2\/pages"}],"about":[{"href":"https:\/\/www.encopim.com\/es\/wp-json\/wp\/v2\/types\/page"}],"author":[{"embeddable":true,"href":"https:\/\/www.encopim.com\/es\/wp-json\/wp\/v2\/users\/1"}],"replies":[{"embeddable":true,"href":"https:\/\/www.encopim.com\/es\/wp-json\/wp\/v2\/comments?post=2214"}],"version-history":[{"count":8,"href":"https:\/\/www.encopim.com\/es\/wp-json\/wp\/v2\/pages\/2214\/revisions"}],"predecessor-version":[{"id":7733,"href":"https:\/\/www.encopim.com\/es\/wp-json\/wp\/v2\/pages\/2214\/revisions\/7733"}],"up":[{"embeddable":true,"href":"https:\/\/www.encopim.com\/es\/wp-json\/wp\/v2\/pages\/7529"}],"wp:attachment":[{"href":"https:\/\/www.encopim.com\/es\/wp-json\/wp\/v2\/media?parent=2214"}],"curies":[{"name":"wp","href":"https:\/\/api.w.org\/{rel}","templated":true}]}}