{"id":7541,"date":"2022-11-23T13:49:52","date_gmt":"2022-11-23T12:49:52","guid":{"rendered":"https:\/\/www.encopim.com\/passive-safety\/impact-copy\/about-us\/"},"modified":"2025-03-05T11:37:38","modified_gmt":"2025-03-05T10:37:38","slug":"about-us","status":"publish","type":"page","link":"https:\/\/www.encopim.com\/de\/about-us\/","title":{"rendered":"\u00dcber uns"},"content":{"rendered":"<section class=\"wpb-content-wrapper\">[vc_row full_width=&#8220;stretch_row_content&#8220; video_bg=&#8220;self_hosted&#8220; video_bg_center=&#8220;true&#8220; typography_style=&#8220;white&#8220; css=&#8220;.vc_custom_1669370688773{background-image: url(https:\/\/www.encopim.com\/wp-content\/uploads\/2022\/11\/0bkg.jpg?id=7550) !important;background-position: center !important;background-repeat: no-repeat !important;background-size: cover !important;}&#8220; min_height=&#8220;600&#8243;][vc_column][vc_empty_space height=&#8220;180px&#8220; css=&#8220;.vc_custom_1669371055884{background-image: url(https:\/\/www.encopim.com\/wp-content\/uploads\/2022\/11\/Montserrat-short2.mp4?id=7354) !important;}&#8220;][vc_column_text]\n<h1><\/h1>\n<h1><\/h1>\n<h1><\/h1>\n<h1><\/h1>\n<h1 style=\"text-align: center;\"><span style=\"font-size: 36px; color: #ffffff;\"><em>&#8222;WE OPERATE WITH TRUST, HONESTY AND <\/em><\/span><\/h1>\n<h1 style=\"text-align: center;\"><span style=\"font-size: 36px; color: #ffffff;\"><em>INTEGRITY IN EVERYTHING WE DO.&#8220;<\/em><\/span><\/h1>\n<h1 style=\"text-align: center;\"><span style=\"font-size: 21px; color: #ffffff;\">(CEO ENCOPIM &#8211; MR. PERFECTE SANCHIS)<\/span><\/h1>\n[\/vc_column_text][\/vc_column][\/vc_row][vc_row full_width=&#8220;stretch_row&#8220; css=&#8220;.vc_custom_1634896539423{background-color: #006a7a !important;}&#8220;][vc_column][vc_column_text css=&#8220;.vc_custom_1669890910474{margin-top: 40px !important;}&#8220;]<span style=\"font-size: 18px; color: #ffffff;\">Unser Verhaltensrichtlinien sind unser Leitfaden und geben uns die Sicherheit, die richtigen Entscheidungen zu treffen und dies unabh\u00e4ngig von unserer Rolle oder wo wir uns gerade in der Welt befinden.<\/span><\/p>\n<p><span style=\"font-size: 18px; color: #ffffff;\">Bei allem, was wir tun, lassen wir uns von einem unumst\u00f6\u00dflichen Ziel leiten: Wir wollen unser Bestes f\u00fcr unsere Kunden geben. Sie zu sch\u00e4tzen und jeden Tag daran zu arbeiten, ihre Anerkennung zu gewinnen, treibt uns an, die besten und innovativsten Testverfahren zu entwickeln.<\/span><\/p>\n<p><span style=\"font-size: 18px; color: #ffffff;\">Innovationen, Anpassungsf\u00e4higkeit an Kundenbed\u00fcrfnisse, Kompetenz und Nachhaltigkeit bilden das Fundament, auf dem unser Unternehmen aufgebaut ist. Unsere Kunden verlassen sich auf unser Wissen und damit auf unsere sicheren und zuverl\u00e4ssigen Pr\u00fcfst\u00e4nde.<\/span>[\/vc_column_text][\/vc_column][\/vc_row][vc_row full_width=&#8220;stretch_row&#8220; css=&#8220;.vc_custom_1669209869447{background-color: #cccccc !important;}&#8220;][vc_column][vc_column_text]\n<h3 style=\"text-align: center;\"><span style=\"color: #006a7a; font-size: 24px;\"><strong>UNSERE KULTUR<\/strong><\/span><\/h3>\n[\/vc_column_text][\/vc_column][\/vc_row][vc_row][vc_column][vc_column_text]\n<p><span style=\"font-size: 18px;\"><strong>Bei ENCOPIM sind wir der Meinung, dass Gesch\u00e4ftst\u00e4tigkeit \u00fcber die Einhaltung geltender Gesetze und Normen hinausgeht, sondern eine Frage der Kultur. Um zu reflektieren, wie sich diese Art des Handelns auf Bereiche wie \u00f6kologische Nachhaltigkeit, soziale Verantwortung und ethische Unternehmensf\u00fchrung auswirkt, erstellen wir einen Corporate Social Responsibility (CSR)-Bericht, der j\u00e4hrlich aktualisiert wird und <a href=\"https:\/\/www.encopim.com\/wp-content\/uploads\/2025\/02\/CSR-Report-ENCOPIM-2025.pdf\">hier<\/a> zu finden ist<\/strong><strong>. <\/strong><\/span>[\/vc_column_text][\/vc_column][\/vc_row][vc_row][vc_column][vc_single_image image=&#8220;7362&#8243; css=&#8220;.vc_custom_1669210829736{margin-right: 0px !important;margin-left: 0px !important;}&#8220;][\/vc_column][\/vc_row][vc_row full_width=&#8220;stretch_row_content&#8220; css=&#8220;.vc_custom_1741171055964{background-color: #cccccc !important;}&#8220;][vc_column][vc_column_text]\n<h3 style=\"text-align: center;\"><span style=\"color: #006a7a; font-size: 24px;\"><strong>INFORMATIONSSICHERHEIT IST UNS WICHTIG<\/strong><\/span><\/h3>\n[\/vc_column_text][\/vc_column][\/vc_row][vc_row][vc_column][vc_column_text]<span style=\"font-size: 18px;\"><strong>F\u00fcr ENCOPIM haben Vertrauglichkeit, Verf\u00fcgbarkeit und Integrit\u00e4t von Informationen einen hohen Stellenwert. Wir haben viele Ma\u00dfnahmen ergriffen, um die Sicherheit sensibler und vertraulicher Informationen zu gew\u00e4hrleisten.\u00a0 Dabei orientieren wir uns am Fragenkatalog des Verbandes der Deutschen Automobilindustrie (VDA ISA). Die Pr\u00fcfung wurde von einem Pr\u00fcfdienstleister durchgef\u00fchrt, in diesem Fall vom TISAX-Pr\u00fcfdienstleister Bureau Veritas. Das Ergebnis ist ausschlie\u00dflich \u00fcber das ENX-Portal abrufbar: <a href=\"https:\/\/portal.enx.com\/en-US\/TISAX\/tisaxassessmentresults\">https:\/\/portal.enx.com\/en-US\/TISAX\/tisaxassessmentresults<\/a>.<\/strong><\/span>[\/vc_column_text][\/vc_column][\/vc_row][vc_row][vc_column][vc_single_image image=&#8220;9767&#8243; img_size=&#8220;medium&#8220; alignment=&#8220;center&#8220;][\/vc_column][\/vc_row]\n<\/section>","protected":false},"excerpt":{"rendered":"<p>[vc_row full_width=&#8220;stretch_row_content&#8220; video_bg=&#8220;self_hosted&#8220; video_bg_center=&#8220;true&#8220; typography_style=&#8220;white&#8220; css=&#8220;.vc_custom_1669370688773{background-image: url(https:\/\/www.encopim.com\/wp-content\/uploads\/2022\/11\/0bkg.jpg?id=7550) !important;background-position: center !important;background-repeat: no-repeat !important;background-size: cover !important;}&#8220; min_height=&#8220;600&#8243;][vc_column][vc_empty_space height=&#8220;180px&#8220; css=&#8220;.vc_custom_1669371055884{background-image: url(https:\/\/www.encopim.com\/wp-content\/uploads\/2022\/11\/Montserrat-short2.mp4?id=7354) !important;}&#8220;][vc_column_text] &#8222;WE OPERATE WITH TRUST, HONESTY AND INTEGRITY IN EVERYTHING WE DO.&#8220; (CEO ENCOPIM &#8211; MR. PERFECTE SANCHIS) [\/vc_column_text][\/vc_column][\/vc_row][vc_row full_width=&#8220;stretch_row&#8220; css=&#8220;.vc_custom_1634896539423{background-color: #006a7a !important;}&#8220;][vc_column][vc_column_text css=&#8220;.vc_custom_1669890910474{margin-top: 40px !important;}&#8220;]Unser Verhaltensrichtlinien sind unser Leitfaden und geben uns die Sicherheit, die richtigen&hellip;<\/p>\n","protected":false},"author":1,"featured_media":0,"parent":7537,"menu_order":0,"comment_status":"closed","ping_status":"closed","template":"","meta":{"om_disable_all_campaigns":false,"_monsterinsights_skip_tracking":false,"_monsterinsights_sitenote_active":false,"_monsterinsights_sitenote_note":"","_monsterinsights_sitenote_category":0},"yoast_head":"<!-- This site is optimized with the Yoast SEO plugin v20.9 - https:\/\/yoast.com\/wordpress\/plugins\/seo\/ -->\n<title>\u00dcber uns - Encopim<\/title>\n<meta name=\"robots\" content=\"index, follow, max-snippet:-1, max-image-preview:large, max-video-preview:-1\" \/>\n<link rel=\"canonical\" href=\"https:\/\/www.encopim.com\/de\/about-us\/\" \/>\n<meta property=\"og:locale\" content=\"de_DE\" \/>\n<meta property=\"og:type\" content=\"article\" \/>\n<meta property=\"og:title\" content=\"\u00dcber uns - Encopim\" \/>\n<meta property=\"og:description\" content=\"[vc_row full_width=&#8220;stretch_row_content&#8220; video_bg=&#8220;self_hosted&#8220; video_bg_center=&#8220;true&#8220; typography_style=&#8220;white&#8220; css=&#8220;.vc_custom_1669370688773{background-image: url(https:\/\/www.encopim.com\/wp-content\/uploads\/2022\/11\/0bkg.jpg?id=7550) !important;background-position: center !important;background-repeat: no-repeat !important;background-size: cover !important;}&#8220; min_height=&#8220;600&#8243;][vc_column][vc_empty_space height=&#8220;180px&#8220; css=&#8220;.vc_custom_1669371055884{background-image: url(https:\/\/www.encopim.com\/wp-content\/uploads\/2022\/11\/Montserrat-short2.mp4?id=7354) !important;}&#8220;][vc_column_text] &#8222;WE OPERATE WITH TRUST, HONESTY AND INTEGRITY IN EVERYTHING WE DO.&#8220; (CEO ENCOPIM &#8211; MR. PERFECTE SANCHIS) [\/vc_column_text][\/vc_column][\/vc_row][vc_row full_width=&#8220;stretch_row&#8220; css=&#8220;.vc_custom_1634896539423{background-color: #006a7a !important;}&#8220;][vc_column][vc_column_text css=&#8220;.vc_custom_1669890910474{margin-top: 40px !important;}&#8220;]Unser Verhaltensrichtlinien sind unser Leitfaden und geben uns die Sicherheit, die richtigen&hellip;\" \/>\n<meta property=\"og:url\" content=\"https:\/\/www.encopim.com\/de\/about-us\/\" \/>\n<meta property=\"og:site_name\" content=\"Encopim\" \/>\n<meta property=\"article:modified_time\" content=\"2025-03-05T10:37:38+00:00\" \/>\n<meta name=\"twitter:card\" content=\"summary_large_image\" \/>\n<meta name=\"twitter:label1\" content=\"Gesch\u00e4tzte Lesezeit\" \/>\n\t<meta name=\"twitter:data1\" content=\"2 Minuten\" \/>\n<script type=\"application\/ld+json\" class=\"yoast-schema-graph\">{\"@context\":\"https:\/\/schema.org\",\"@graph\":[{\"@type\":\"WebPage\",\"@id\":\"https:\/\/www.encopim.com\/de\/about-us\/\",\"url\":\"https:\/\/www.encopim.com\/de\/about-us\/\",\"name\":\"\u00dcber uns - Encopim\",\"isPartOf\":{\"@id\":\"https:\/\/www.encopim.com\/de\/#website\"},\"datePublished\":\"2022-11-23T12:49:52+00:00\",\"dateModified\":\"2025-03-05T10:37:38+00:00\",\"breadcrumb\":{\"@id\":\"https:\/\/www.encopim.com\/de\/about-us\/#breadcrumb\"},\"inLanguage\":\"de-DE\",\"potentialAction\":[{\"@type\":\"ReadAction\",\"target\":[\"https:\/\/www.encopim.com\/de\/about-us\/\"]}]},{\"@type\":\"BreadcrumbList\",\"@id\":\"https:\/\/www.encopim.com\/de\/about-us\/#breadcrumb\",\"itemListElement\":[{\"@type\":\"ListItem\",\"position\":1,\"name\":\"Home\",\"item\":\"https:\/\/www.encopim.com\/de\/\"},{\"@type\":\"ListItem\",\"position\":2,\"name\":\"SAFETY\",\"item\":\"https:\/\/www.encopim.com\/de\/safety\/\"},{\"@type\":\"ListItem\",\"position\":3,\"name\":\"Firma\",\"item\":\"https:\/\/www.encopim.com\/de\/company\/\"},{\"@type\":\"ListItem\",\"position\":4,\"name\":\"\u00dcber uns\"}]},{\"@type\":\"WebSite\",\"@id\":\"https:\/\/www.encopim.com\/de\/#website\",\"url\":\"https:\/\/www.encopim.com\/de\/\",\"name\":\"Encopim\",\"description\":\"\",\"publisher\":{\"@id\":\"https:\/\/www.encopim.com\/de\/#organization\"},\"potentialAction\":[{\"@type\":\"SearchAction\",\"target\":{\"@type\":\"EntryPoint\",\"urlTemplate\":\"https:\/\/www.encopim.com\/de\/?s={search_term_string}\"},\"query-input\":\"required name=search_term_string\"}],\"inLanguage\":\"de-DE\"},{\"@type\":\"Organization\",\"@id\":\"https:\/\/www.encopim.com\/de\/#organization\",\"name\":\"Encopim\",\"url\":\"https:\/\/www.encopim.com\/de\/\",\"logo\":{\"@type\":\"ImageObject\",\"inLanguage\":\"de-DE\",\"@id\":\"https:\/\/www.encopim.com\/de\/#\/schema\/logo\/image\/\",\"url\":\"https:\/\/www.encopim.com\/wp-content\/uploads\/2021\/08\/Encopim_logo.png\",\"contentUrl\":\"https:\/\/www.encopim.com\/wp-content\/uploads\/2021\/08\/Encopim_logo.png\",\"width\":1200,\"height\":343,\"caption\":\"Encopim\"},\"image\":{\"@id\":\"https:\/\/www.encopim.com\/de\/#\/schema\/logo\/image\/\"}}]}<\/script>\n<!-- \/ Yoast SEO plugin. -->","yoast_head_json":{"title":"\u00dcber uns - Encopim","robots":{"index":"index","follow":"follow","max-snippet":"max-snippet:-1","max-image-preview":"max-image-preview:large","max-video-preview":"max-video-preview:-1"},"canonical":"https:\/\/www.encopim.com\/de\/about-us\/","og_locale":"de_DE","og_type":"article","og_title":"\u00dcber uns - Encopim","og_description":"[vc_row full_width=&#8220;stretch_row_content&#8220; video_bg=&#8220;self_hosted&#8220; video_bg_center=&#8220;true&#8220; typography_style=&#8220;white&#8220; css=&#8220;.vc_custom_1669370688773{background-image: url(https:\/\/www.encopim.com\/wp-content\/uploads\/2022\/11\/0bkg.jpg?id=7550) !important;background-position: center !important;background-repeat: no-repeat !important;background-size: cover !important;}&#8220; min_height=&#8220;600&#8243;][vc_column][vc_empty_space height=&#8220;180px&#8220; css=&#8220;.vc_custom_1669371055884{background-image: url(https:\/\/www.encopim.com\/wp-content\/uploads\/2022\/11\/Montserrat-short2.mp4?id=7354) !important;}&#8220;][vc_column_text] &#8222;WE OPERATE WITH TRUST, HONESTY AND INTEGRITY IN EVERYTHING WE DO.&#8220; (CEO ENCOPIM &#8211; MR. PERFECTE SANCHIS) [\/vc_column_text][\/vc_column][\/vc_row][vc_row full_width=&#8220;stretch_row&#8220; css=&#8220;.vc_custom_1634896539423{background-color: #006a7a !important;}&#8220;][vc_column][vc_column_text css=&#8220;.vc_custom_1669890910474{margin-top: 40px !important;}&#8220;]Unser Verhaltensrichtlinien sind unser Leitfaden und geben uns die Sicherheit, die richtigen&hellip;","og_url":"https:\/\/www.encopim.com\/de\/about-us\/","og_site_name":"Encopim","article_modified_time":"2025-03-05T10:37:38+00:00","twitter_card":"summary_large_image","twitter_misc":{"Gesch\u00e4tzte Lesezeit":"2 Minuten"},"schema":{"@context":"https:\/\/schema.org","@graph":[{"@type":"WebPage","@id":"https:\/\/www.encopim.com\/de\/about-us\/","url":"https:\/\/www.encopim.com\/de\/about-us\/","name":"\u00dcber uns - Encopim","isPartOf":{"@id":"https:\/\/www.encopim.com\/de\/#website"},"datePublished":"2022-11-23T12:49:52+00:00","dateModified":"2025-03-05T10:37:38+00:00","breadcrumb":{"@id":"https:\/\/www.encopim.com\/de\/about-us\/#breadcrumb"},"inLanguage":"de-DE","potentialAction":[{"@type":"ReadAction","target":["https:\/\/www.encopim.com\/de\/about-us\/"]}]},{"@type":"BreadcrumbList","@id":"https:\/\/www.encopim.com\/de\/about-us\/#breadcrumb","itemListElement":[{"@type":"ListItem","position":1,"name":"Home","item":"https:\/\/www.encopim.com\/de\/"},{"@type":"ListItem","position":2,"name":"SAFETY","item":"https:\/\/www.encopim.com\/de\/safety\/"},{"@type":"ListItem","position":3,"name":"Firma","item":"https:\/\/www.encopim.com\/de\/company\/"},{"@type":"ListItem","position":4,"name":"\u00dcber uns"}]},{"@type":"WebSite","@id":"https:\/\/www.encopim.com\/de\/#website","url":"https:\/\/www.encopim.com\/de\/","name":"Encopim","description":"","publisher":{"@id":"https:\/\/www.encopim.com\/de\/#organization"},"potentialAction":[{"@type":"SearchAction","target":{"@type":"EntryPoint","urlTemplate":"https:\/\/www.encopim.com\/de\/?s={search_term_string}"},"query-input":"required name=search_term_string"}],"inLanguage":"de-DE"},{"@type":"Organization","@id":"https:\/\/www.encopim.com\/de\/#organization","name":"Encopim","url":"https:\/\/www.encopim.com\/de\/","logo":{"@type":"ImageObject","inLanguage":"de-DE","@id":"https:\/\/www.encopim.com\/de\/#\/schema\/logo\/image\/","url":"https:\/\/www.encopim.com\/wp-content\/uploads\/2021\/08\/Encopim_logo.png","contentUrl":"https:\/\/www.encopim.com\/wp-content\/uploads\/2021\/08\/Encopim_logo.png","width":1200,"height":343,"caption":"Encopim"},"image":{"@id":"https:\/\/www.encopim.com\/de\/#\/schema\/logo\/image\/"}}]}},"_links":{"self":[{"href":"https:\/\/www.encopim.com\/de\/wp-json\/wp\/v2\/pages\/7541"}],"collection":[{"href":"https:\/\/www.encopim.com\/de\/wp-json\/wp\/v2\/pages"}],"about":[{"href":"https:\/\/www.encopim.com\/de\/wp-json\/wp\/v2\/types\/page"}],"author":[{"embeddable":true,"href":"https:\/\/www.encopim.com\/de\/wp-json\/wp\/v2\/users\/1"}],"replies":[{"embeddable":true,"href":"https:\/\/www.encopim.com\/de\/wp-json\/wp\/v2\/comments?post=7541"}],"version-history":[{"count":15,"href":"https:\/\/www.encopim.com\/de\/wp-json\/wp\/v2\/pages\/7541\/revisions"}],"predecessor-version":[{"id":9798,"href":"https:\/\/www.encopim.com\/de\/wp-json\/wp\/v2\/pages\/7541\/revisions\/9798"}],"up":[{"embeddable":true,"href":"https:\/\/www.encopim.com\/de\/wp-json\/wp\/v2\/pages\/7537"}],"wp:attachment":[{"href":"https:\/\/www.encopim.com\/de\/wp-json\/wp\/v2\/media?parent=7541"}],"curies":[{"name":"wp","href":"https:\/\/api.w.org\/{rel}","templated":true}]}}