{"id":2213,"date":"2016-02-04T10:59:09","date_gmt":"2016-02-04T09:59:09","guid":{"rendered":"http:\/\/www.encopim.com\/de\/?page_id=2213"},"modified":"2022-11-24T15:13:05","modified_gmt":"2022-11-24T14:13:05","slug":"careers","status":"publish","type":"page","link":"https:\/\/www.encopim.com\/de\/careers\/","title":{"rendered":"Karriere"},"content":{"rendered":"<section class=\"wpb-content-wrapper\">[vc_row full_width=&#8220;stretch_row_content&#8220; css=&#8220;.vc_custom_1662714954089{background-image: url(https:\/\/www.encopim.com\/wp-content\/uploads\/2022\/09\/mosaic-careers6-scaled.jpg?id=6225) !important;background-position: center !important;background-repeat: no-repeat !important;background-size: cover !important;}&#8220; min_height=&#8220;600&#8243;][vc_column][vc_empty_space height=&#8220;50px&#8220;][\/vc_column][\/vc_row][vc_row full_width=&#8220;stretch_row&#8220; css=&#8220;.vc_custom_1634896539423{background-color: #006a7a !important;}&#8220;][vc_column][vc_column_text]\n<h3 style=\"text-align: center;\"><span style=\"font-size: 24pt; color: #ffffff;\"><strong>Arbeiten bei ENCOPIM<\/strong><\/span><\/h3>\n[\/vc_column_text][vc_separator color=&#8220;custom&#8220; align=&#8220;align_left&#8220; border_width=&#8220;5&#8243; el_width=&#8220;30&#8243; css_animation=&#8220;left-to-right&#8220; accent_color=&#8220;#006a7a&#8220;][vc_column_text]\n<h2><\/h2>\n<p><span style=\"font-size: 18px; color: #ffffff;\">Innovation und Kundenorientierung sind unsere Philosophie. ENCOPIM verf\u00fcgt \u00fcber ein hochqualifiziertes, innovationsfreudiges und probleml\u00f6sungsorientiertes Team. Unser Team teilt seine Erfahrungen untereinander und mit unseren Kunden basierend auf innovativen Projekten.<\/span><\/p>\n<h3 style=\"text-align: left;\"><span style=\"color: #ffffff;\">#teamwork\u00a0 \u00a0 \u00a0#expertise\u00a0 \u00a0 \u00a0#commitment\u00a0 \u00a0 \u00a0#continouslearning\u00a0 \u00a0 \u00a0#talent\u00a0 \u00a0 \u00a0#innovation<\/span><\/h3>\n[\/vc_column_text][\/vc_column][\/vc_row][vc_row full_width=&#8220;stretch_row&#8220; css=&#8220;.vc_custom_1647864813393{background-color: #cccccc !important;}&#8220;][vc_column][vc_column_text]\n<h3 style=\"text-align: justify;\"><span style=\"color: #006a7a;\"><strong><span style=\"font-size: 21px;\">M\u00f6chten Sie sich unserem Team anschlie\u00dfen?<\/span><\/strong><\/span><\/h3>\n<p style=\"text-align: justify;\"><span class=\"Y2IQFc\" lang=\"en\" style=\"font-size: 18px; color: #006a7a;\">Wenn Sie mit uns zusammenarbeiten m\u00f6chten, senden Sie bitte eine E-Mail an rrhh@encopim.com mit Ihrem Lebenslauf und einem Bewerbungsschreiben.<\/span><\/p>\n[\/vc_column_text][\/vc_column][\/vc_row][vc_row][vc_column][\/vc_column][\/vc_row]\n<\/section>","protected":false},"excerpt":{"rendered":"<p>[vc_row full_width=&#8220;stretch_row_content&#8220; css=&#8220;.vc_custom_1662714954089{background-image: url(https:\/\/www.encopim.com\/wp-content\/uploads\/2022\/09\/mosaic-careers6-scaled.jpg?id=6225) !important;background-position: center !important;background-repeat: no-repeat !important;background-size: cover !important;}&#8220; min_height=&#8220;600&#8243;][vc_column][vc_empty_space height=&#8220;50px&#8220;][\/vc_column][\/vc_row][vc_row full_width=&#8220;stretch_row&#8220; css=&#8220;.vc_custom_1634896539423{background-color: #006a7a !important;}&#8220;][vc_column][vc_column_text] Arbeiten bei ENCOPIM [\/vc_column_text][vc_separator color=&#8220;custom&#8220; align=&#8220;align_left&#8220; border_width=&#8220;5&#8243; el_width=&#8220;30&#8243; css_animation=&#8220;left-to-right&#8220; accent_color=&#8220;#006a7a&#8220;][vc_column_text] Innovation und Kundenorientierung sind unsere Philosophie. ENCOPIM verf\u00fcgt \u00fcber ein hochqualifiziertes, innovationsfreudiges und probleml\u00f6sungsorientiertes Team. Unser Team teilt seine Erfahrungen untereinander und mit unseren Kunden basierend auf innovativen&hellip;<\/p>\n","protected":false},"author":1,"featured_media":0,"parent":7537,"menu_order":0,"comment_status":"closed","ping_status":"closed","template":"","meta":{"om_disable_all_campaigns":false,"_monsterinsights_skip_tracking":false,"_monsterinsights_sitenote_active":false,"_monsterinsights_sitenote_note":"","_monsterinsights_sitenote_category":0},"yoast_head":"<!-- This site is optimized with the Yoast SEO plugin v20.9 - https:\/\/yoast.com\/wordpress\/plugins\/seo\/ -->\n<title>Karriere - Encopim<\/title>\n<meta name=\"robots\" content=\"index, follow, max-snippet:-1, max-image-preview:large, max-video-preview:-1\" \/>\n<link rel=\"canonical\" href=\"https:\/\/www.encopim.com\/de\/careers\/\" \/>\n<meta property=\"og:locale\" content=\"de_DE\" \/>\n<meta property=\"og:type\" content=\"article\" \/>\n<meta property=\"og:title\" content=\"Karriere - Encopim\" \/>\n<meta property=\"og:description\" content=\"[vc_row full_width=&#8220;stretch_row_content&#8220; css=&#8220;.vc_custom_1662714954089{background-image: url(https:\/\/www.encopim.com\/wp-content\/uploads\/2022\/09\/mosaic-careers6-scaled.jpg?id=6225) !important;background-position: center !important;background-repeat: no-repeat !important;background-size: cover !important;}&#8220; min_height=&#8220;600&#8243;][vc_column][vc_empty_space height=&#8220;50px&#8220;][\/vc_column][\/vc_row][vc_row full_width=&#8220;stretch_row&#8220; css=&#8220;.vc_custom_1634896539423{background-color: #006a7a !important;}&#8220;][vc_column][vc_column_text] Arbeiten bei ENCOPIM [\/vc_column_text][vc_separator color=&#8220;custom&#8220; align=&#8220;align_left&#8220; border_width=&#8220;5&#8243; el_width=&#8220;30&#8243; css_animation=&#8220;left-to-right&#8220; accent_color=&#8220;#006a7a&#8220;][vc_column_text] Innovation und Kundenorientierung sind unsere Philosophie. ENCOPIM verf\u00fcgt \u00fcber ein hochqualifiziertes, innovationsfreudiges und probleml\u00f6sungsorientiertes Team. Unser Team teilt seine Erfahrungen untereinander und mit unseren Kunden basierend auf innovativen&hellip;\" \/>\n<meta property=\"og:url\" content=\"https:\/\/www.encopim.com\/de\/careers\/\" \/>\n<meta property=\"og:site_name\" content=\"Encopim\" \/>\n<meta property=\"article:modified_time\" content=\"2022-11-24T14:13:05+00:00\" \/>\n<meta name=\"twitter:card\" content=\"summary_large_image\" \/>\n<meta name=\"twitter:label1\" content=\"Gesch\u00e4tzte Lesezeit\" \/>\n\t<meta name=\"twitter:data1\" content=\"1 Minute\" \/>\n<script type=\"application\/ld+json\" class=\"yoast-schema-graph\">{\"@context\":\"https:\/\/schema.org\",\"@graph\":[{\"@type\":\"WebPage\",\"@id\":\"https:\/\/www.encopim.com\/de\/careers\/\",\"url\":\"https:\/\/www.encopim.com\/de\/careers\/\",\"name\":\"Karriere - Encopim\",\"isPartOf\":{\"@id\":\"https:\/\/www.encopim.com\/de\/#website\"},\"datePublished\":\"2016-02-04T09:59:09+00:00\",\"dateModified\":\"2022-11-24T14:13:05+00:00\",\"breadcrumb\":{\"@id\":\"https:\/\/www.encopim.com\/de\/careers\/#breadcrumb\"},\"inLanguage\":\"de-DE\",\"potentialAction\":[{\"@type\":\"ReadAction\",\"target\":[\"https:\/\/www.encopim.com\/de\/careers\/\"]}]},{\"@type\":\"BreadcrumbList\",\"@id\":\"https:\/\/www.encopim.com\/de\/careers\/#breadcrumb\",\"itemListElement\":[{\"@type\":\"ListItem\",\"position\":1,\"name\":\"Home\",\"item\":\"https:\/\/www.encopim.com\/de\/\"},{\"@type\":\"ListItem\",\"position\":2,\"name\":\"SAFETY\",\"item\":\"https:\/\/www.encopim.com\/de\/safety\/\"},{\"@type\":\"ListItem\",\"position\":3,\"name\":\"Firma\",\"item\":\"https:\/\/www.encopim.com\/de\/company\/\"},{\"@type\":\"ListItem\",\"position\":4,\"name\":\"Karriere\"}]},{\"@type\":\"WebSite\",\"@id\":\"https:\/\/www.encopim.com\/de\/#website\",\"url\":\"https:\/\/www.encopim.com\/de\/\",\"name\":\"Encopim\",\"description\":\"\",\"publisher\":{\"@id\":\"https:\/\/www.encopim.com\/de\/#organization\"},\"potentialAction\":[{\"@type\":\"SearchAction\",\"target\":{\"@type\":\"EntryPoint\",\"urlTemplate\":\"https:\/\/www.encopim.com\/de\/?s={search_term_string}\"},\"query-input\":\"required name=search_term_string\"}],\"inLanguage\":\"de-DE\"},{\"@type\":\"Organization\",\"@id\":\"https:\/\/www.encopim.com\/de\/#organization\",\"name\":\"Encopim\",\"url\":\"https:\/\/www.encopim.com\/de\/\",\"logo\":{\"@type\":\"ImageObject\",\"inLanguage\":\"de-DE\",\"@id\":\"https:\/\/www.encopim.com\/de\/#\/schema\/logo\/image\/\",\"url\":\"https:\/\/www.encopim.com\/wp-content\/uploads\/2021\/08\/Encopim_logo.png\",\"contentUrl\":\"https:\/\/www.encopim.com\/wp-content\/uploads\/2021\/08\/Encopim_logo.png\",\"width\":1200,\"height\":343,\"caption\":\"Encopim\"},\"image\":{\"@id\":\"https:\/\/www.encopim.com\/de\/#\/schema\/logo\/image\/\"}}]}<\/script>\n<!-- \/ Yoast SEO plugin. -->","yoast_head_json":{"title":"Karriere - Encopim","robots":{"index":"index","follow":"follow","max-snippet":"max-snippet:-1","max-image-preview":"max-image-preview:large","max-video-preview":"max-video-preview:-1"},"canonical":"https:\/\/www.encopim.com\/de\/careers\/","og_locale":"de_DE","og_type":"article","og_title":"Karriere - Encopim","og_description":"[vc_row full_width=&#8220;stretch_row_content&#8220; css=&#8220;.vc_custom_1662714954089{background-image: url(https:\/\/www.encopim.com\/wp-content\/uploads\/2022\/09\/mosaic-careers6-scaled.jpg?id=6225) !important;background-position: center !important;background-repeat: no-repeat !important;background-size: cover !important;}&#8220; min_height=&#8220;600&#8243;][vc_column][vc_empty_space height=&#8220;50px&#8220;][\/vc_column][\/vc_row][vc_row full_width=&#8220;stretch_row&#8220; css=&#8220;.vc_custom_1634896539423{background-color: #006a7a !important;}&#8220;][vc_column][vc_column_text] Arbeiten bei ENCOPIM [\/vc_column_text][vc_separator color=&#8220;custom&#8220; align=&#8220;align_left&#8220; border_width=&#8220;5&#8243; el_width=&#8220;30&#8243; css_animation=&#8220;left-to-right&#8220; accent_color=&#8220;#006a7a&#8220;][vc_column_text] Innovation und Kundenorientierung sind unsere Philosophie. ENCOPIM verf\u00fcgt \u00fcber ein hochqualifiziertes, innovationsfreudiges und probleml\u00f6sungsorientiertes Team. Unser Team teilt seine Erfahrungen untereinander und mit unseren Kunden basierend auf innovativen&hellip;","og_url":"https:\/\/www.encopim.com\/de\/careers\/","og_site_name":"Encopim","article_modified_time":"2022-11-24T14:13:05+00:00","twitter_card":"summary_large_image","twitter_misc":{"Gesch\u00e4tzte Lesezeit":"1 Minute"},"schema":{"@context":"https:\/\/schema.org","@graph":[{"@type":"WebPage","@id":"https:\/\/www.encopim.com\/de\/careers\/","url":"https:\/\/www.encopim.com\/de\/careers\/","name":"Karriere - Encopim","isPartOf":{"@id":"https:\/\/www.encopim.com\/de\/#website"},"datePublished":"2016-02-04T09:59:09+00:00","dateModified":"2022-11-24T14:13:05+00:00","breadcrumb":{"@id":"https:\/\/www.encopim.com\/de\/careers\/#breadcrumb"},"inLanguage":"de-DE","potentialAction":[{"@type":"ReadAction","target":["https:\/\/www.encopim.com\/de\/careers\/"]}]},{"@type":"BreadcrumbList","@id":"https:\/\/www.encopim.com\/de\/careers\/#breadcrumb","itemListElement":[{"@type":"ListItem","position":1,"name":"Home","item":"https:\/\/www.encopim.com\/de\/"},{"@type":"ListItem","position":2,"name":"SAFETY","item":"https:\/\/www.encopim.com\/de\/safety\/"},{"@type":"ListItem","position":3,"name":"Firma","item":"https:\/\/www.encopim.com\/de\/company\/"},{"@type":"ListItem","position":4,"name":"Karriere"}]},{"@type":"WebSite","@id":"https:\/\/www.encopim.com\/de\/#website","url":"https:\/\/www.encopim.com\/de\/","name":"Encopim","description":"","publisher":{"@id":"https:\/\/www.encopim.com\/de\/#organization"},"potentialAction":[{"@type":"SearchAction","target":{"@type":"EntryPoint","urlTemplate":"https:\/\/www.encopim.com\/de\/?s={search_term_string}"},"query-input":"required name=search_term_string"}],"inLanguage":"de-DE"},{"@type":"Organization","@id":"https:\/\/www.encopim.com\/de\/#organization","name":"Encopim","url":"https:\/\/www.encopim.com\/de\/","logo":{"@type":"ImageObject","inLanguage":"de-DE","@id":"https:\/\/www.encopim.com\/de\/#\/schema\/logo\/image\/","url":"https:\/\/www.encopim.com\/wp-content\/uploads\/2021\/08\/Encopim_logo.png","contentUrl":"https:\/\/www.encopim.com\/wp-content\/uploads\/2021\/08\/Encopim_logo.png","width":1200,"height":343,"caption":"Encopim"},"image":{"@id":"https:\/\/www.encopim.com\/de\/#\/schema\/logo\/image\/"}}]}},"_links":{"self":[{"href":"https:\/\/www.encopim.com\/de\/wp-json\/wp\/v2\/pages\/2213"}],"collection":[{"href":"https:\/\/www.encopim.com\/de\/wp-json\/wp\/v2\/pages"}],"about":[{"href":"https:\/\/www.encopim.com\/de\/wp-json\/wp\/v2\/types\/page"}],"author":[{"embeddable":true,"href":"https:\/\/www.encopim.com\/de\/wp-json\/wp\/v2\/users\/1"}],"replies":[{"embeddable":true,"href":"https:\/\/www.encopim.com\/de\/wp-json\/wp\/v2\/comments?post=2213"}],"version-history":[{"count":7,"href":"https:\/\/www.encopim.com\/de\/wp-json\/wp\/v2\/pages\/2213\/revisions"}],"predecessor-version":[{"id":7547,"href":"https:\/\/www.encopim.com\/de\/wp-json\/wp\/v2\/pages\/2213\/revisions\/7547"}],"up":[{"embeddable":true,"href":"https:\/\/www.encopim.com\/de\/wp-json\/wp\/v2\/pages\/7537"}],"wp:attachment":[{"href":"https:\/\/www.encopim.com\/de\/wp-json\/wp\/v2\/media?parent=2213"}],"curies":[{"name":"wp","href":"https:\/\/api.w.org\/{rel}","templated":true}]}}