{"id":6966,"date":"2015-10-21T11:44:03","date_gmt":"2015-10-21T10:44:03","guid":{"rendered":"https:\/\/www.encopim.com\/passive-safety\/"},"modified":"2024-05-23T13:47:15","modified_gmt":"2024-05-23T12:47:15","slug":"passive-safety","status":"publish","type":"page","link":"https:\/\/www.encopim.com\/ca\/safety\/","title":{"rendered":"SAFETY"},"content":{"rendered":"<section class=\"wpb-content-wrapper\">[vc_row full_width=&#8221;stretch_row_content_no_spaces&#8221; css=&#8221;.vc_custom_1649072546686{border-top-width: 0px !important;border-bottom-width: 0px !important;background-image: url(https:\/\/encopim.com\/wp-content\/uploads\/2022\/03\/S03_ALIS_best_pic-1-scaled.jpg?id=5195) !important;background-position: center !important;background-repeat: no-repeat !important;background-size: cover !important;}&#8221; min_height=&#8221;400&#8243;][vc_column][vc_empty_space height=&#8221;250px&#8221;][vc_single_image image=&#8221;7158&#8243; alignment=&#8221;center&#8221;][vc_column_text css=&#8221;.vc_custom_1669376118070{margin-bottom: 30px !important;}&#8221;]\n<h1 style=\"text-align: center;\"><span style=\"color: #ffffff; font-size: 32px;\">SAFETY<\/span><\/h1>\n[\/vc_column_text][\/vc_column][\/vc_row][vc_row][vc_column][vc_empty_space][\/vc_column][\/vc_row][vc_row full_width=&#8221;stretch_row_content&#8221; content_placement=&#8221;bottom&#8221; column_spacing=&#8221;60&#8243; gap=&#8221;20&#8243; equal_height=&#8221;yes&#8221; min_height=&#8221;450&#8243;][vc_column wpex_shadow=&#8221;shadow-none&#8221; width=&#8221;1\/3&#8243; css=&#8221;.vc_custom_1648372101283{background-position: center !important;background-repeat: no-repeat !important;background-size: cover !important;border: 0px solid !important;}&#8221;]<div class=\"vcex-module vcex-image-banner wpex-flex wpex-flex-col wpex-justify-center wpex-relative wpex-overflow-hidden wpex-max-w-100 wpex-bg-gray-900 wpex-text-white wpex-text-center vcex-h-zoom\"  style=\"min-height:450px;\"><a href=\"https:\/\/www.encopim.com\/ca\/safety\/crash-simulation\/\" class=\"vcex-ib-link wpex-block wpex-inherit-color-important wpex-no-underline\" title=\"CRASH SIMULATION\"><span class=\"vcex-ib-img wpex-block wpex-z-1 wpex-transition-all wpex-duration-500 wpex-bg-cover wpex-absolute wpex-inset-0\" style=\"background-image:url(https:\/\/www.encopim.com\/wp-content\/uploads\/2022\/03\/S03_ALIS_best_pic-scaled.jpg);background-position:center center;\"><\/span><div class=\"vcex-ib-overlay wpex-absolute wpex-z-5 wpex-inset-0 wpex-transition-all wpex-duration-500\"><div class=\"vcex-ib-overlay-bg wpex-absolute wpex-inset-0 wpex-bg-black wpex-opacity-30\" style=\"background:#0d697a;opacity:0.8;\"><\/div><\/div><div class=\"vcex-ib-content-wrap wpex-z-10 wpex-w-100 wpex-transition-all wpex-duration-500 wpex-relative wpex-clr\"><div class=\"vcex-ib-content wpex-mx-auto wpex-clr\"><div class=\"vcex-ib-title wpex-heading wpex-inherit-color-important\">CRASH SIMULATION<\/div><div class=\"vcex-ib-caption wpex-text-lg wpex-last-mb-0\">Basats en tecnologia hidro-pneum\u00e0tica la qual permet tenir altes densitats d'energia alhora que excel\u00b7lent precisi\u00f3 en els polsos d'acceleraci\u00f3, els nostres sistemes de simulaci\u00f3 de xoc es poden utilitzar tant per a assaigs amb sled com per a simulaci\u00f3 d'impactes laterals.<\/div><\/div><\/div><\/a><\/div>[\/vc_column][vc_column width=&#8221;1\/3&#8243; css=&#8221;.vc_custom_1648372124563{background-position: center !important;background-repeat: no-repeat !important;background-size: cover !important;border: 0px solid !important;}&#8221;]<div class=\"vcex-module vcex-image-banner wpex-flex wpex-flex-col wpex-justify-center wpex-relative wpex-overflow-hidden wpex-max-w-100 wpex-bg-gray-900 wpex-text-white wpex-text-center vcex-h-zoom\"  style=\"min-height:450px;\"><a href=\"https:\/\/www.encopim.com\/ca\/safety\/impact\/\" class=\"vcex-ib-link wpex-block wpex-inherit-color-important wpex-no-underline\" title=\"IMPACT\"><span class=\"vcex-ib-img wpex-block wpex-z-1 wpex-transition-all wpex-duration-500 wpex-bg-cover wpex-absolute wpex-inset-0\" style=\"background-image:url(https:\/\/www.encopim.com\/wp-content\/uploads\/2016\/06\/DITS-Ingolstadt.jpg);background-position:center center;\"><\/span><div class=\"vcex-ib-overlay wpex-absolute wpex-z-5 wpex-inset-0 wpex-transition-all wpex-duration-500\"><div class=\"vcex-ib-overlay-bg wpex-absolute wpex-inset-0 wpex-bg-black wpex-opacity-30\" style=\"background:#0d697a;opacity:0.8;\"><\/div><\/div><div class=\"vcex-ib-content-wrap wpex-z-10 wpex-w-100 wpex-transition-all wpex-duration-500 wpex-relative wpex-clr\"><div class=\"vcex-ib-content wpex-mx-auto wpex-clr\"><div class=\"vcex-ib-title wpex-heading wpex-inherit-color-important\">IMPACT<\/div><div class=\"vcex-ib-caption wpex-text-lg wpex-last-mb-0\">La fam\u00edlia de bancs d'assaigs d'impacte ja t\u00e9 gaireb\u00e9 dues d\u00e8cades i des de llavors ha evolucionat per cobrir les necessitats del mercat en assajos de seguretat passiva. Des d'assaigs d'atropellament de vianants fins a assaigs de components d'interiors, precisi\u00f3, productivitat i usabilitat s\u00f3n caracter\u00edstiques clau de qualsevol dels nostres bancs d'impacte.<\/div><\/div><\/div><\/a><\/div>[\/vc_column][vc_column width=&#8221;1\/3&#8243;]<div class=\"vcex-module vcex-image-banner wpex-flex wpex-flex-col wpex-justify-center wpex-relative wpex-overflow-hidden wpex-max-w-100 wpex-bg-gray-900 wpex-text-white wpex-text-center vcex-h-zoom\"  style=\"min-height:450px;\"><a href=\"https:\/\/www.encopim.com\/ca\/safety\/mechanical-integrity\/\" class=\"vcex-ib-link wpex-block wpex-inherit-color-important wpex-no-underline\" title=\"MECHANICAL INTEGRITY\"><span class=\"vcex-ib-img wpex-block wpex-z-1 wpex-transition-all wpex-duration-500 wpex-bg-cover wpex-absolute wpex-inset-0\" style=\"background-image:url(https:\/\/www.encopim.com\/wp-content\/uploads\/2022\/03\/S08_SBA_frame-scaled.jpg);background-position:center center;\"><\/span><div class=\"vcex-ib-overlay wpex-absolute wpex-z-5 wpex-inset-0 wpex-transition-all wpex-duration-500\"><div class=\"vcex-ib-overlay-bg wpex-absolute wpex-inset-0 wpex-bg-black wpex-opacity-30\" style=\"background:#0d697a;opacity:0.8;\"><\/div><\/div><div class=\"vcex-ib-content-wrap wpex-z-10 wpex-w-100 wpex-transition-all wpex-duration-500 wpex-relative wpex-clr\"><div class=\"vcex-ib-content wpex-mx-auto wpex-clr\"><div class=\"vcex-ib-title wpex-heading wpex-inherit-color-important\">MECHANICAL INTEGRITY<\/div><div class=\"vcex-ib-caption wpex-text-lg wpex-last-mb-0\">Aquesta categoria compr\u00e8n bancs d'assaig quasi-est\u00e0tics accionats per actuadors servo hidr\u00e0ulics o servo el\u00e8ctrics per assajar seients, els seus ancoratges, resist\u00e8ncia de la carrosseria, etc.: una fam\u00edlia diversa per assajar la conformitat d'una gran varietat de components.<\/div><\/div><\/div><\/a><\/div>[\/vc_column][\/vc_row]\n<\/section>","protected":false},"excerpt":{"rendered":"<p>[vc_row full_width=&#8221;stretch_row_content_no_spaces&#8221; css=&#8221;.vc_custom_1649072546686{border-top-width: 0px !important;border-bottom-width: 0px !important;background-image: url(https:\/\/encopim.com\/wp-content\/uploads\/2022\/03\/S03_ALIS_best_pic-1-scaled.jpg?id=5195) !important;background-position: center !important;background-repeat: no-repeat !important;background-size: cover !important;}&#8221; min_height=&#8221;400&#8243;][vc_column][vc_empty_space height=&#8221;250px&#8221;][vc_single_image image=&#8221;7158&#8243; alignment=&#8221;center&#8221;][vc_column_text css=&#8221;.vc_custom_1669376118070{margin-bottom: 30px !important;}&#8221;] SAFETY [\/vc_column_text][\/vc_column][\/vc_row][vc_row][vc_column][vc_empty_space][\/vc_column][\/vc_row][vc_row full_width=&#8221;stretch_row_content&#8221; content_placement=&#8221;bottom&#8221; column_spacing=&#8221;60&#8243; gap=&#8221;20&#8243; equal_height=&#8221;yes&#8221; min_height=&#8221;450&#8243;][vc_column wpex_shadow=&#8221;shadow-none&#8221; width=&#8221;1\/3&#8243; css=&#8221;.vc_custom_1648372101283{background-position: center !important;background-repeat: no-repeat !important;background-size: cover !important;border: 0px solid !important;}&#8221;][\/vc_column][vc_column width=&#8221;1\/3&#8243; css=&#8221;.vc_custom_1648372124563{background-position: center !important;background-repeat: no-repeat !important;background-size: cover !important;border: 0px solid !important;}&#8221;][\/vc_column][vc_column width=&#8221;1\/3&#8243;][\/vc_column][\/vc_row]<\/p>\n","protected":false},"author":1,"featured_media":0,"parent":0,"menu_order":0,"comment_status":"closed","ping_status":"closed","template":"","meta":{"om_disable_all_campaigns":false,"_monsterinsights_skip_tracking":false,"_monsterinsights_sitenote_active":false,"_monsterinsights_sitenote_note":"","_monsterinsights_sitenote_category":0},"yoast_head":"<!-- This site is optimized with the Yoast SEO plugin v20.9 - https:\/\/yoast.com\/wordpress\/plugins\/seo\/ -->\n<title>SAFETY - Encopim<\/title>\n<meta name=\"robots\" content=\"index, follow, max-snippet:-1, max-image-preview:large, max-video-preview:-1\" \/>\n<link rel=\"canonical\" href=\"https:\/\/www.encopim.com\/ca\/safety\/\" \/>\n<meta property=\"og:locale\" content=\"ca_ES\" \/>\n<meta property=\"og:type\" content=\"article\" \/>\n<meta property=\"og:title\" content=\"SAFETY - Encopim\" \/>\n<meta property=\"og:description\" content=\"[vc_row full_width=&#8221;stretch_row_content_no_spaces&#8221; css=&#8221;.vc_custom_1649072546686{border-top-width: 0px !important;border-bottom-width: 0px !important;background-image: url(https:\/\/encopim.com\/wp-content\/uploads\/2022\/03\/S03_ALIS_best_pic-1-scaled.jpg?id=5195) !important;background-position: center !important;background-repeat: no-repeat !important;background-size: cover !important;}&#8221; min_height=&#8221;400&#8243;][vc_column][vc_empty_space height=&#8221;250px&#8221;][vc_single_image image=&#8221;7158&#8243; alignment=&#8221;center&#8221;][vc_column_text css=&#8221;.vc_custom_1669376118070{margin-bottom: 30px !important;}&#8221;] SAFETY [\/vc_column_text][\/vc_column][\/vc_row][vc_row][vc_column][vc_empty_space][\/vc_column][\/vc_row][vc_row full_width=&#8221;stretch_row_content&#8221; content_placement=&#8221;bottom&#8221; column_spacing=&#8221;60&#8243; gap=&#8221;20&#8243; equal_height=&#8221;yes&#8221; min_height=&#8221;450&#8243;][vc_column wpex_shadow=&#8221;shadow-none&#8221; width=&#8221;1\/3&#8243; css=&#8221;.vc_custom_1648372101283{background-position: center !important;background-repeat: no-repeat !important;background-size: cover !important;border: 0px solid !important;}&#8221;][\/vc_column][vc_column width=&#8221;1\/3&#8243; css=&#8221;.vc_custom_1648372124563{background-position: center !important;background-repeat: no-repeat !important;background-size: cover !important;border: 0px solid !important;}&#8221;][\/vc_column][vc_column width=&#8221;1\/3&#8243;][\/vc_column][\/vc_row]\" \/>\n<meta property=\"og:url\" content=\"https:\/\/www.encopim.com\/ca\/safety\/\" \/>\n<meta property=\"og:site_name\" content=\"Encopim\" \/>\n<meta property=\"article:modified_time\" content=\"2024-05-23T12:47:15+00:00\" \/>\n<meta name=\"twitter:card\" content=\"summary_large_image\" \/>\n<meta name=\"twitter:label1\" content=\"Temps estimat de lectura\" \/>\n\t<meta name=\"twitter:data1\" content=\"1 minut\" \/>\n<script type=\"application\/ld+json\" class=\"yoast-schema-graph\">{\"@context\":\"https:\/\/schema.org\",\"@graph\":[{\"@type\":\"WebPage\",\"@id\":\"https:\/\/www.encopim.com\/ca\/safety\/\",\"url\":\"https:\/\/www.encopim.com\/ca\/safety\/\",\"name\":\"SAFETY - Encopim\",\"isPartOf\":{\"@id\":\"https:\/\/www.encopim.com\/ca\/#website\"},\"datePublished\":\"2015-10-21T10:44:03+00:00\",\"dateModified\":\"2024-05-23T12:47:15+00:00\",\"breadcrumb\":{\"@id\":\"https:\/\/www.encopim.com\/ca\/safety\/#breadcrumb\"},\"inLanguage\":\"ca\",\"potentialAction\":[{\"@type\":\"ReadAction\",\"target\":[\"https:\/\/www.encopim.com\/ca\/safety\/\"]}]},{\"@type\":\"BreadcrumbList\",\"@id\":\"https:\/\/www.encopim.com\/ca\/safety\/#breadcrumb\",\"itemListElement\":[{\"@type\":\"ListItem\",\"position\":1,\"name\":\"Home\",\"item\":\"https:\/\/www.encopim.com\/ca\/\"},{\"@type\":\"ListItem\",\"position\":2,\"name\":\"SAFETY\"}]},{\"@type\":\"WebSite\",\"@id\":\"https:\/\/www.encopim.com\/ca\/#website\",\"url\":\"https:\/\/www.encopim.com\/ca\/\",\"name\":\"Encopim\",\"description\":\"\",\"publisher\":{\"@id\":\"https:\/\/www.encopim.com\/ca\/#organization\"},\"potentialAction\":[{\"@type\":\"SearchAction\",\"target\":{\"@type\":\"EntryPoint\",\"urlTemplate\":\"https:\/\/www.encopim.com\/ca\/?s={search_term_string}\"},\"query-input\":\"required name=search_term_string\"}],\"inLanguage\":\"ca\"},{\"@type\":\"Organization\",\"@id\":\"https:\/\/www.encopim.com\/ca\/#organization\",\"name\":\"Encopim\",\"url\":\"https:\/\/www.encopim.com\/ca\/\",\"logo\":{\"@type\":\"ImageObject\",\"inLanguage\":\"ca\",\"@id\":\"https:\/\/www.encopim.com\/ca\/#\/schema\/logo\/image\/\",\"url\":\"https:\/\/www.encopim.com\/wp-content\/uploads\/2021\/08\/Encopim_logo.png\",\"contentUrl\":\"https:\/\/www.encopim.com\/wp-content\/uploads\/2021\/08\/Encopim_logo.png\",\"width\":1200,\"height\":343,\"caption\":\"Encopim\"},\"image\":{\"@id\":\"https:\/\/www.encopim.com\/ca\/#\/schema\/logo\/image\/\"}}]}<\/script>\n<!-- \/ Yoast SEO plugin. -->","yoast_head_json":{"title":"SAFETY - Encopim","robots":{"index":"index","follow":"follow","max-snippet":"max-snippet:-1","max-image-preview":"max-image-preview:large","max-video-preview":"max-video-preview:-1"},"canonical":"https:\/\/www.encopim.com\/ca\/safety\/","og_locale":"ca_ES","og_type":"article","og_title":"SAFETY - Encopim","og_description":"[vc_row full_width=&#8221;stretch_row_content_no_spaces&#8221; css=&#8221;.vc_custom_1649072546686{border-top-width: 0px !important;border-bottom-width: 0px !important;background-image: url(https:\/\/encopim.com\/wp-content\/uploads\/2022\/03\/S03_ALIS_best_pic-1-scaled.jpg?id=5195) !important;background-position: center !important;background-repeat: no-repeat !important;background-size: cover !important;}&#8221; min_height=&#8221;400&#8243;][vc_column][vc_empty_space height=&#8221;250px&#8221;][vc_single_image image=&#8221;7158&#8243; alignment=&#8221;center&#8221;][vc_column_text css=&#8221;.vc_custom_1669376118070{margin-bottom: 30px !important;}&#8221;] SAFETY [\/vc_column_text][\/vc_column][\/vc_row][vc_row][vc_column][vc_empty_space][\/vc_column][\/vc_row][vc_row full_width=&#8221;stretch_row_content&#8221; content_placement=&#8221;bottom&#8221; column_spacing=&#8221;60&#8243; gap=&#8221;20&#8243; equal_height=&#8221;yes&#8221; min_height=&#8221;450&#8243;][vc_column wpex_shadow=&#8221;shadow-none&#8221; width=&#8221;1\/3&#8243; css=&#8221;.vc_custom_1648372101283{background-position: center !important;background-repeat: no-repeat !important;background-size: cover !important;border: 0px solid !important;}&#8221;][\/vc_column][vc_column width=&#8221;1\/3&#8243; css=&#8221;.vc_custom_1648372124563{background-position: center !important;background-repeat: no-repeat !important;background-size: cover !important;border: 0px solid !important;}&#8221;][\/vc_column][vc_column width=&#8221;1\/3&#8243;][\/vc_column][\/vc_row]","og_url":"https:\/\/www.encopim.com\/ca\/safety\/","og_site_name":"Encopim","article_modified_time":"2024-05-23T12:47:15+00:00","twitter_card":"summary_large_image","twitter_misc":{"Temps estimat de lectura":"1 minut"},"schema":{"@context":"https:\/\/schema.org","@graph":[{"@type":"WebPage","@id":"https:\/\/www.encopim.com\/ca\/safety\/","url":"https:\/\/www.encopim.com\/ca\/safety\/","name":"SAFETY - Encopim","isPartOf":{"@id":"https:\/\/www.encopim.com\/ca\/#website"},"datePublished":"2015-10-21T10:44:03+00:00","dateModified":"2024-05-23T12:47:15+00:00","breadcrumb":{"@id":"https:\/\/www.encopim.com\/ca\/safety\/#breadcrumb"},"inLanguage":"ca","potentialAction":[{"@type":"ReadAction","target":["https:\/\/www.encopim.com\/ca\/safety\/"]}]},{"@type":"BreadcrumbList","@id":"https:\/\/www.encopim.com\/ca\/safety\/#breadcrumb","itemListElement":[{"@type":"ListItem","position":1,"name":"Home","item":"https:\/\/www.encopim.com\/ca\/"},{"@type":"ListItem","position":2,"name":"SAFETY"}]},{"@type":"WebSite","@id":"https:\/\/www.encopim.com\/ca\/#website","url":"https:\/\/www.encopim.com\/ca\/","name":"Encopim","description":"","publisher":{"@id":"https:\/\/www.encopim.com\/ca\/#organization"},"potentialAction":[{"@type":"SearchAction","target":{"@type":"EntryPoint","urlTemplate":"https:\/\/www.encopim.com\/ca\/?s={search_term_string}"},"query-input":"required name=search_term_string"}],"inLanguage":"ca"},{"@type":"Organization","@id":"https:\/\/www.encopim.com\/ca\/#organization","name":"Encopim","url":"https:\/\/www.encopim.com\/ca\/","logo":{"@type":"ImageObject","inLanguage":"ca","@id":"https:\/\/www.encopim.com\/ca\/#\/schema\/logo\/image\/","url":"https:\/\/www.encopim.com\/wp-content\/uploads\/2021\/08\/Encopim_logo.png","contentUrl":"https:\/\/www.encopim.com\/wp-content\/uploads\/2021\/08\/Encopim_logo.png","width":1200,"height":343,"caption":"Encopim"},"image":{"@id":"https:\/\/www.encopim.com\/ca\/#\/schema\/logo\/image\/"}}]}},"_links":{"self":[{"href":"https:\/\/www.encopim.com\/ca\/wp-json\/wp\/v2\/pages\/6966"}],"collection":[{"href":"https:\/\/www.encopim.com\/ca\/wp-json\/wp\/v2\/pages"}],"about":[{"href":"https:\/\/www.encopim.com\/ca\/wp-json\/wp\/v2\/types\/page"}],"author":[{"embeddable":true,"href":"https:\/\/www.encopim.com\/ca\/wp-json\/wp\/v2\/users\/1"}],"replies":[{"embeddable":true,"href":"https:\/\/www.encopim.com\/ca\/wp-json\/wp\/v2\/comments?post=6966"}],"version-history":[{"count":7,"href":"https:\/\/www.encopim.com\/ca\/wp-json\/wp\/v2\/pages\/6966\/revisions"}],"predecessor-version":[{"id":9605,"href":"https:\/\/www.encopim.com\/ca\/wp-json\/wp\/v2\/pages\/6966\/revisions\/9605"}],"wp:attachment":[{"href":"https:\/\/www.encopim.com\/ca\/wp-json\/wp\/v2\/media?parent=6966"}],"curies":[{"name":"wp","href":"https:\/\/api.w.org\/{rel}","templated":true}]}}